{"id":34,"date":"2025-12-10T15:07:44","date_gmt":"2025-12-10T18:07:44","guid":{"rendered":"https:\/\/startersites.io\/blocksy\/barber-shop\/?page_id=34"},"modified":"2025-12-24T09:35:52","modified_gmt":"2025-12-24T12:35:52","slug":"carrito","status":"publish","type":"page","link":"https:\/\/alfredolapiz.com\/pt\/carrito\/","title":{"rendered":"Carrito de compras"},"content":{"rendered":"<h2 class=\"wp-block-heading\">Nota de Pago para Venezuela (Cuentas Locales y Cripto)<\/h2>\n\n\n\n<div class=\"wp-block-stackable-heading stk-block-heading stk-block-heading--v2 stk-block stk-f3e24e9\" id=\"strong-apoya-y-adquiere-mis-libros-digitales-desde-venezuela-strong\" data-block-id=\"f3e24e9\"><h5 class=\"stk-block-heading__text\"><strong>\u00a1Apoya y adquiere mis libros digitales desde Venezuela!<\/strong><\/h5><\/div>\n\n\n\n<p><strong>\u00bfC\u00f3mo reportar tu compra o donaci\u00f3n?<\/strong> Una vez realizado el pago, por favor env\u00eda el comprobante por WhatsApp haciendo clic aqu\u00ed <code><a href=\"https:\/\/wa.me\/TUNUMERO?\">https:\/\/wa.me\/+559192677399?<\/a><\/code> o al correo <code>contacto@alfredolapiz.com<\/code>. Indica tu nombre y el libro o proyecto que deseas apoyar. \u00a1Gracias por ser parte del cambio!<\/p>\n\n\n\n<p>Entiendo que no todos cuentan con tarjetas internacionales o PayPal. Para que nadie se quede fuera de este proyecto de <strong>tiflotecnolog\u00eda<\/strong> y de mis historias, he habilitado opciones de pago locales y digitales accesibles desde nuestro pa\u00eds.<\/p>\n\n\n\n<p><strong>Opciones de Pago Disponibles:<\/strong><\/p>\n\n\n\n<ul class=\"wp-block-list\">\n<li><strong>\ud83c\udfe6 Banco de Venezuela (Transferencia o Pago M\u00f3vil):<\/strong>\n<ul class=\"wp-block-list\">\n<li><strong>Banco:<\/strong> Banco de Venezuela (0102)<\/li>\n\n\n\n<li><strong>C\u00e9dula:<\/strong> <code>8703483<\/code><\/li>\n\n\n\n<li><strong>Tel\u00e9fono:<\/strong> <code>04166930550<\/code><\/li>\n\n\n\n<li><strong>Cuenta Corriente:<\/strong> <code>01020501850000511845<\/code><\/li>\n<\/ul>\n<\/li>\n\n\n\n<li><strong>\ud83d\udcb8 Airtm:<\/strong>\n<ul class=\"wp-block-list\">\n<li><strong>Correo de cuenta:<\/strong> <code>bloncoblondell@gmail.com<\/code><\/li>\n<\/ul>\n<\/li>\n\n\n\n<li><strong>\ud83d\udd36 Binance (USDT \/ Binance Pay):<\/strong>\n<ul class=\"wp-block-list\">\n<li><strong>Binance ID \/ Pay ID:<\/strong> <code>285431487<\/code><\/li>\n\n\n\n<li><strong>Correo asociado:<\/strong> <code>blancoblondell@gmail.com<\/code><\/li>\n<\/ul>\n<\/li>\n<\/ul>","protected":false},"excerpt":{"rendered":"<p>Nota de Pago para Venezuela (Cuentas Locales y Cripto) \u00a1Apoya y adquiere mis libros digitales desde Venezuela! \u00bfC\u00f3mo reportar tu compra o donaci\u00f3n? Una vez realizado el pago, por favor env\u00eda el comprobante por WhatsApp haciendo clic aqu\u00ed https:\/\/wa.me\/+559192677399? o al correo contacto@alfredolapiz.com. Indica tu nombre y el libro o proyecto que deseas apoyar. \u00a1Gracias [&hellip;]<\/p>\n","protected":false},"author":1,"featured_media":0,"parent":0,"menu_order":0,"comment_status":"closed","ping_status":"closed","template":"","meta":{"_themeisle_gutenberg_block_has_review":false,"footnotes":""},"class_list":["post-34","page","type-page","status-publish","hentry"],"blocksy_meta":{"styles_descriptor":{"styles":{"desktop":"","tablet":"","mobile":""},"google_fonts":[],"version":6}},"aioseo_notices":[],"_hostinger_reach_plugin_has_subscription_block":false,"_hostinger_reach_plugin_is_elementor":false,"_links":{"self":[{"href":"https:\/\/alfredolapiz.com\/pt\/wp-json\/wp\/v2\/pages\/34","targetHints":{"allow":["GET"]}}],"collection":[{"href":"https:\/\/alfredolapiz.com\/pt\/wp-json\/wp\/v2\/pages"}],"about":[{"href":"https:\/\/alfredolapiz.com\/pt\/wp-json\/wp\/v2\/types\/page"}],"author":[{"embeddable":true,"href":"https:\/\/alfredolapiz.com\/pt\/wp-json\/wp\/v2\/users\/1"}],"replies":[{"embeddable":true,"href":"https:\/\/alfredolapiz.com\/pt\/wp-json\/wp\/v2\/comments?post=34"}],"version-history":[{"count":4,"href":"https:\/\/alfredolapiz.com\/pt\/wp-json\/wp\/v2\/pages\/34\/revisions"}],"predecessor-version":[{"id":1672,"href":"https:\/\/alfredolapiz.com\/pt\/wp-json\/wp\/v2\/pages\/34\/revisions\/1672"}],"wp:attachment":[{"href":"https:\/\/alfredolapiz.com\/pt\/wp-json\/wp\/v2\/media?parent=34"}],"curies":[{"name":"wp","href":"https:\/\/api.w.org\/{rel}","templated":true}]}}