{"id":1274,"date":"2025-12-13T19:45:58","date_gmt":"2025-12-13T22:45:58","guid":{"rendered":"https:\/\/alfredolapiz.com\/?post_type=product&#038;p=1274"},"modified":"2025-12-21T09:53:43","modified_gmt":"2025-12-21T12:53:43","slug":"a-feliidade-nao-esta-na-lua","status":"publish","type":"product","link":"https:\/\/alfredolapiz.com\/pt\/catalogo\/a-feliidade-nao-esta-na-lua\/","title":{"rendered":"PT-BR La felicidad no est\u00e1 en la luna (Versi\u00f3n en portugu\u00e9s)"},"content":{"rendered":"<p data-path-to-node=\"8\"><b>Voc\u00ea j\u00e1 parou para se perguntar o que \u00e9 a felicidade e como realmente alcan\u00e7\u00e1-la?<\/b><\/p>\n<p data-path-to-node=\"9\">Em <b>\u00abA Felicidade n\u00e3o est\u00e1 na Lua\u00bb<\/b>, convidamos voc\u00ea para uma viagem extraordin\u00e1ria ao lado de <b>Emilio<\/b>, um jovem universit\u00e1rio que decide embarcar em uma busca sincera para descobrir o verdadeiro significado da felicidade.<\/p>\n<p data-path-to-node=\"10\">Cansado de respostas prontas, Emilio mergulha em conversas profundas com amigos, familiares, professores e at\u00e9 pessoas inesperadas. O que ele descobre muda tudo: a felicidade n\u00e3o \u00e9 um destino distante e inalcan\u00e7\u00e1vel, mas sim um caminho que constru\u00edmos dia ap\u00f3s dia, tijolo por tijolo.<\/p>\n<p data-path-to-node=\"11\"><b>Neste livro, voc\u00ea vai descobrir:<\/b><\/p>\n<ul data-path-to-node=\"12\">\n<li>\n<p data-path-to-node=\"12,0,0\">\u2705 <b>Que a felicidade vai muito al\u00e9m<\/b> do dinheiro, do romance idealizado ou do sucesso profissional.<\/p>\n<\/li>\n<li>\n<p data-path-to-node=\"12,1,0\">\u2705 <b>O poder do autoconhecimento:<\/b> Como o crescimento pessoal \u00e9 a chave mestra para uma alegria aut\u00eantica.<\/p>\n<\/li>\n<li>\n<p data-path-to-node=\"12,2,0\">\u2705 <b>A arte da resili\u00eancia:<\/b> A import\u00e2ncia de cultivar relacionamentos significativos e aprender a superar as adversidades da vida.<\/p>\n<\/li>\n<li>\n<p data-path-to-node=\"12,3,0\">\u2705 <b>O segredo do \u00abAgora\u00bb:<\/b> Como encontrar a plenitude nas pequenas coisas e viver o momento presente.<\/p>\n<\/li>\n<\/ul>\n<p data-path-to-node=\"13\"><b>\u00abA Felicidade n\u00e3o est\u00e1 na Lua\u00bb<\/b> \u00e9 uma hist\u00f3ria inspiradora, desenhada para motivar voc\u00ea a buscar sua pr\u00f3pria vers\u00e3o de felicidade e criar uma vida plena e significativa.<\/p>\n<p data-path-to-node=\"14\"><b>Se voc\u00ea est\u00e1 pronto para embarcar em uma jornada de autodescoberta e transforma\u00e7\u00e3o pessoal, este livro foi escrito para voc\u00ea.<\/b><\/p>","protected":false},"excerpt":{"rendered":"<p><b>Voc\u00ea j\u00e1 se perguntou onde realmente mora a felicidade?<\/b> Acompanhe Emilio, um jovem universit\u00e1rio, em uma jornada transformadora para descobrir que a felicidade n\u00e3o \u00e9 um destino distante como a Lua, mas uma constru\u00e7\u00e3o di\u00e1ria feita de autoconhecimento e pequenas vit\u00f3rias. Uma leitura obrigat\u00f3ria para quem busca viver com mais prop\u00f3sito.<\/p>","protected":false},"featured_media":1273,"comment_status":"open","ping_status":"closed","template":"","meta":{"_themeisle_gutenberg_block_has_review":false},"product_brand":[],"product_cat":[27,141],"product_tag":[149,155,150,151,156,152],"class_list":{"0":"post-1274","1":"product","2":"type-product","3":"status-publish","4":"has-post-thumbnail","6":"product_cat-libros","7":"product_cat-portugues","8":"product_tag-auto-ajuda","9":"product_tag-familia-e-valores","10":"product_tag-motivacao","11":"product_tag-redencao","12":"product_tag-resiliencia","13":"product_tag-tranformacao","15":"first","16":"instock","17":"sale","18":"downloadable","19":"shipping-taxable","20":"purchasable","21":"product-type-simple"},"aioseo_notices":[],"_links":{"self":[{"href":"https:\/\/alfredolapiz.com\/pt\/wp-json\/wp\/v2\/product\/1274","targetHints":{"allow":["GET"]}}],"collection":[{"href":"https:\/\/alfredolapiz.com\/pt\/wp-json\/wp\/v2\/product"}],"about":[{"href":"https:\/\/alfredolapiz.com\/pt\/wp-json\/wp\/v2\/types\/product"}],"replies":[{"embeddable":true,"href":"https:\/\/alfredolapiz.com\/pt\/wp-json\/wp\/v2\/comments?post=1274"}],"wp:featuredmedia":[{"embeddable":true,"href":"https:\/\/alfredolapiz.com\/pt\/wp-json\/wp\/v2\/media\/1273"}],"wp:attachment":[{"href":"https:\/\/alfredolapiz.com\/pt\/wp-json\/wp\/v2\/media?parent=1274"}],"wp:term":[{"taxonomy":"product_brand","embeddable":true,"href":"https:\/\/alfredolapiz.com\/pt\/wp-json\/wp\/v2\/product_brand?post=1274"},{"taxonomy":"product_cat","embeddable":true,"href":"https:\/\/alfredolapiz.com\/pt\/wp-json\/wp\/v2\/product_cat?post=1274"},{"taxonomy":"product_tag","embeddable":true,"href":"https:\/\/alfredolapiz.com\/pt\/wp-json\/wp\/v2\/product_tag?post=1274"}],"curies":[{"name":"wp","href":"https:\/\/api.w.org\/{rel}","templated":true}]}}