{"id":1628,"date":"2025-12-20T00:49:49","date_gmt":"2025-12-20T03:49:49","guid":{"rendered":"https:\/\/alfredolapiz.com\/?post_type=product&#038;p=1628"},"modified":"2025-12-20T10:19:49","modified_gmt":"2025-12-20T13:19:49","slug":"calculadora-braille","status":"publish","type":"product","link":"https:\/\/alfredolapiz.com\/pt\/catalogo\/calculadora-braille\/","title":{"rendered":"Donacion: Calculadora Braille"},"content":{"rendered":"<h3 data-path-to-node=\"8\">Innovar es Simplificar<\/h3>\r\n<p data-path-to-node=\"9\">Como profesor con m\u00e1s de 25 a\u00f1os de experiencia, he visto a cientos de estudiantes luchar con calculadoras adaptadas que tienen m\u00e1s de 20 teclas. Esa saturaci\u00f3n de puntos no es ayuda, es una barrera. Mi propuesta es la <b data-path-to-node=\"9\" data-index-in-node=\"219\">Econom\u00eda del Movimiento<\/b>.<\/p>\r\n<p data-path-to-node=\"10\"><b data-path-to-node=\"10\" data-index-in-node=\"0\">\u00bfPor qu\u00e9 4 botones?<\/b><\/p>\r\n<ul data-path-to-node=\"11\">\r\n<li>\r\n<p data-path-to-node=\"11,0,0\"><b data-path-to-node=\"11,0,0\" data-index-in-node=\"0\">Reducci\u00f3n de errores:<\/b> Al tener menos puntos de contacto, el usuario identifica la posici\u00f3n de sus dedos de forma instant\u00e1nea.<\/p>\r\n<\/li>\r\n<li><strong>Sistema Braille:<\/strong> para generar los n\u00fameros en el sistema Braille solo se necesitan 4 teclas.<\/li>\r\n<li>\r\n<p data-path-to-node=\"11,1,0\"><b data-path-to-node=\"11,1,0\" data-index-in-node=\"0\">Velocidad mental:<\/b> El sistema de combinaciones l\u00f3gicas permite procesar datos al ritmo del pensamiento, no al ritmo del rastreo t\u00e1ctil.<\/p>\r\n<\/li>\r\n<li>\r\n<p data-path-to-node=\"11,2,0\"><b data-path-to-node=\"11,2,0\" data-index-in-node=\"0\">Dise\u00f1o Silencioso:<\/b> Ideal para ex\u00e1menes y entornos de trabajo donde la discreci\u00f3n es fundamental.<\/p>\r\n<\/li>\r\n<\/ul>\r\n<div id=\"strong-vives-en-venezuela-y-quieres-formar-parte-strong\" class=\"wp-block-stackable-heading stk-block-heading stk-block-heading--v2 stk-block stk-a40dee3\" data-block-id=\"a40dee3\">\r\n<h2 class=\"stk-block-heading__text has-text-align-center\"><strong>Y si vives en Venezuela y tambi\u00e9n quieres formar parte:<\/strong><\/h2>\r\n<\/div>\r\n<p data-path-to-node=\"17\"><!-- \/wp:post-content -->\r\n\r\n<!-- wp:paragraph --><\/p>\r\n<p><strong>Opciones de Pago Disponibles:<\/strong><\/p>\r\n<p data-path-to-node=\"17\"><!-- \/wp:paragraph -->\r\n\r\n<!-- wp:list --><\/p>\r\n<ul class=\"wp-block-list\"><!-- wp:list-item -->\r\n<li><strong>\ud83c\udfe6 Banco de Venezuela (Transferencia o Pago M\u00f3vil):<\/strong><!-- wp:list -->\r\n<ul class=\"wp-block-list\"><!-- wp:list-item -->\r\n<li><strong>Banco:<\/strong>\u00a0Banco de Venezuela (0102)<\/li>\r\n<!-- \/wp:list-item -->\r\n\r\n<!-- wp:list-item -->\r\n<li><strong>C\u00e9dula:<\/strong>\u00a0<code>8703483<\/code><\/li>\r\n<!-- \/wp:list-item -->\r\n\r\n<!-- wp:list-item -->\r\n<li><strong>Tel\u00e9fono:<\/strong>\u00a0<code>04166930550<\/code><\/li>\r\n<!-- \/wp:list-item -->\r\n\r\n<!-- wp:list-item -->\r\n<li><strong>Cuenta Corriente:<\/strong>\u00a0<code>01020501850000511845<\/code><\/li>\r\n<!-- \/wp:list-item --><\/ul>\r\n<!-- \/wp:list --><\/li>\r\n<!-- \/wp:list-item -->\r\n\r\n<!-- wp:list-item -->\r\n<li><strong>\ud83d\udcb8 Airtm:<\/strong><!-- wp:list -->\r\n<ul class=\"wp-block-list\"><!-- wp:list-item -->\r\n<li><strong>Correo de cuenta:<\/strong>\u00a0<code>bloncoblondell@gmail.com<\/code><\/li>\r\n<!-- \/wp:list-item --><\/ul>\r\n<!-- \/wp:list --><\/li>\r\n<!-- \/wp:list-item -->\r\n\r\n<!-- wp:list-item -->\r\n<li><strong>\ud83d\udd36 Binance (USDT \/ Binance Pay):<\/strong><!-- wp:list -->\r\n<ul class=\"wp-block-list\"><!-- wp:list-item -->\r\n<li><strong>Binance ID \/ Pay ID:<\/strong>\u00a0<code>285431487<\/code><\/li>\r\n<!-- \/wp:list-item -->\r\n\r\n<!-- wp:list-item -->\r\n<li><strong>Correo asociado:<\/strong>\u00a0<code>blancoblondell@gmail.com<\/code><\/li>\r\n<!-- \/wp:list-item --><\/ul>\r\n<!-- \/wp:list --><\/li>\r\n<!-- \/wp:list-item --><\/ul>\r\n<p data-path-to-node=\"17\"><!-- \/wp:list -->\r\n\r\n<!-- wp:paragraph --><\/p>\r\n<p>Entiendo que no todos cuentan con tarjetas internacionales o PayPal. Para que nadie se quede fuera de este proyecto de\u00a0<strong>tiflotecnolog\u00eda<\/strong>\u00a0y de mis historias, he habilitado opciones de pago locales y digitales accesibles desde nuestro pa\u00eds.<\/p>\r\n<p data-path-to-node=\"17\"><!-- \/wp:paragraph -->\r\n\r\n<!-- wp:paragraph --><\/p>\r\n<p><strong>\u00bfC\u00f3mo reportar tu donaci\u00f3n?<\/strong>\u00a0Una vez realizado el pago, por favor env\u00eda el comprobante por WhatsApp haciendo clic aqu\u00ed\u00a0<code><a href=\"https:\/\/wa.me\/TUNUMERO?\">https:\/\/wa.me\/+559192677399?<\/a><\/code>\u00a0o al correo\u00a0<code>contacto@alfredolapiz.com<\/code>. Indica tu nombre y proyecto que deseas apoyar. \u00a1Gracias por ser parte del cambio!<\/p>","protected":false},"excerpt":{"rendered":"<p data-path-to-node=\"6,0\">Esta herramienta es fascinante porque ataca un problema real: la <b data-path-to-node=\"4\" data-index-in-node=\"65\">fatiga t\u00e1ctil<\/b> y la lentitud en el c\u00e1lculo matem\u00e1tico. Aqu\u00ed tienes la propuesta de contenido para que la publiques en tu secci\u00f3n de <b data-path-to-node=\"4\" data-index-in-node=\"196\">Inova\u00e7\u00e3o<\/b>.<\/p>\n<p data-path-to-node=\"6,0\"><b data-path-to-node=\"6,0\" data-index-in-node=\"0\">Precisi\u00f3n matem\u00e1tica con solo 4 teclas.<\/b><\/p>\n<p data-path-to-node=\"6,1\">Redefinimos la tiflotecnolog\u00eda eliminando la complejidad innecesaria. Nuestra <b data-path-to-node=\"6,1\" data-index-in-node=\"78\">Calculadora Braille<\/b> utiliza un sistema ergon\u00f3mico de 4 puntos que permite realizar operaciones complejas con mayor rapidez y menor esfuerzo. Dise\u00f1ada para estudiantes y profesionales que exigen <b data-path-to-node=\"6,1\" data-index-in-node=\"272\">eficiencia y autonom\u00eda<\/b>.<\/p>","protected":false},"featured_media":1629,"comment_status":"closed","ping_status":"closed","template":"","meta":{"_themeisle_gutenberg_block_has_review":false},"product_brand":[],"product_cat":[159,160,161],"product_tag":[162,173,169,171,170,174,172],"class_list":{"0":"post-1628","1":"product","2":"type-product","3":"status-publish","4":"has-post-thumbnail","6":"product_cat-crowdfunding","7":"product_cat-innovacion","8":"product_cat-tiflotecnologia","9":"product_tag-alfredo-lapiz","10":"product_tag-calculadora-braille","11":"product_tag-educacion-especial","12":"product_tag-ergonomia-tactil","13":"product_tag-innovacion-social","14":"product_tag-matematicas-accesibles","15":"product_tag-stem-inclusivo","17":"first","18":"instock","19":"virtual","20":"purchasable","21":"product-type-simple"},"aioseo_notices":[],"_links":{"self":[{"href":"https:\/\/alfredolapiz.com\/pt\/wp-json\/wp\/v2\/product\/1628","targetHints":{"allow":["GET"]}}],"collection":[{"href":"https:\/\/alfredolapiz.com\/pt\/wp-json\/wp\/v2\/product"}],"about":[{"href":"https:\/\/alfredolapiz.com\/pt\/wp-json\/wp\/v2\/types\/product"}],"replies":[{"embeddable":true,"href":"https:\/\/alfredolapiz.com\/pt\/wp-json\/wp\/v2\/comments?post=1628"}],"wp:featuredmedia":[{"embeddable":true,"href":"https:\/\/alfredolapiz.com\/pt\/wp-json\/wp\/v2\/media\/1629"}],"wp:attachment":[{"href":"https:\/\/alfredolapiz.com\/pt\/wp-json\/wp\/v2\/media?parent=1628"}],"wp:term":[{"taxonomy":"product_brand","embeddable":true,"href":"https:\/\/alfredolapiz.com\/pt\/wp-json\/wp\/v2\/product_brand?post=1628"},{"taxonomy":"product_cat","embeddable":true,"href":"https:\/\/alfredolapiz.com\/pt\/wp-json\/wp\/v2\/product_cat?post=1628"},{"taxonomy":"product_tag","embeddable":true,"href":"https:\/\/alfredolapiz.com\/pt\/wp-json\/wp\/v2\/product_tag?post=1628"}],"curies":[{"name":"wp","href":"https:\/\/api.w.org\/{rel}","templated":true}]}}