{"id":1673,"date":"2025-12-20T18:16:08","date_gmt":"2025-12-20T21:16:08","guid":{"rendered":"https:\/\/alfredolapiz.com\/?post_type=product&#038;p=1673"},"modified":"2025-12-22T03:16:47","modified_gmt":"2025-12-22T06:16:47","slug":"identificador-de-billetes-braille","status":"publish","type":"product","link":"https:\/\/alfredolapiz.com\/pt\/catalogo\/identificador-de-billetes-braille\/","title":{"rendered":"Donaci\u00f3n: Identificador de billetes braille"},"content":{"rendered":"<p data-path-to-node=\"10,0\"><b data-path-to-node=\"10,0\" data-index-in-node=\"0\">El Desaf\u00edo del Efectivo Diario<\/b> Para una persona con discapacidad visual, diferenciar billetes de distintos valores (especialmente si est\u00e1n gastados o tienen tama\u00f1os similares) es un reto constante que a menudo genera dependencia de terceros, errores en el cambio o riesgo de fraude.<\/p>\n<p data-path-to-node=\"10,1\"><b data-path-to-node=\"10,1\" data-index-in-node=\"0\">La Soluci\u00f3n: Identificaci\u00f3n Instant\u00e1nea y Privada<\/b> El identificador de billetes de Alfredo L\u00e1piz devuelve el control total sobre el dinero en efectivo. Su avanzado sistema de sensores \u00f3pticos analiza el billete insertado en cualquier orientaci\u00f3n y proporciona el resultado casi instant\u00e1neamente.<\/p>\n<p data-path-to-node=\"10,2\"><b data-path-to-node=\"10,2\" data-index-in-node=\"0\">Modos de Respuesta Flexibles:<\/b><\/p>\n<ul data-path-to-node=\"10,3\">\n<li>\n<p data-path-to-node=\"10,3,0,0\"><b data-path-to-node=\"10,3,0,0\" data-index-in-node=\"0\">Modo P\u00fablico (Altavoz):<\/b> Para entornos seguros como el hogar, el dispositivo \u00abdice\u00bb la denominaci\u00f3n claramente.<\/p>\n<\/li>\n<li>\n<p data-path-to-node=\"10,3,1,0\"><b data-path-to-node=\"10,3,1,0\" data-index-in-node=\"0\">Modo Privado (Auriculares\/Vibraci\u00f3n):<\/b> Para la calle o comercios, se pueden conectar auriculares o usar el modo de vibraci\u00f3n codificada, manteniendo el valor de tu dinero en total privacidad.<\/p>\n<\/li>\n<\/ul>\n<p data-path-to-node=\"10,4\"><b data-path-to-node=\"10,4\" data-index-in-node=\"0\">Dise\u00f1o para la Vida Real<\/b> Compacto, ligero y con una bater\u00eda de larga duraci\u00f3n, est\u00e1 dise\u00f1ado para llevarlo siempre en el bolsillo o bolso, listo para usar en el momento de pagar o recibir cambio.<\/p>\n<div id=\"strong-vives-en-venezuela-y-quieres-formar-parte-strong\" class=\"wp-block-stackable-heading stk-block-heading stk-block-heading--v2 stk-block stk-a40dee3\" data-block-id=\"a40dee3\">\n<h2 class=\"stk-block-heading__text has-text-align-center\"><strong>Y si vives en Venezuela y tambi\u00e9n quieres formar parte:<\/strong><\/h2>\n<\/div>\n<p><strong>Opciones de Pago Disponibles:<\/strong><\/p>\n<ul class=\"wp-block-list\">\n<li><strong>\ud83c\udfe6 Banco de Venezuela (Transferencia o Pago M\u00f3vil):<\/strong>\n<ul class=\"wp-block-list\">\n<li><strong>Banco:<\/strong>\u00a0Banco de Venezuela (0102)<\/li>\n<li><strong>C\u00e9dula:<\/strong>\u00a0<code>8703483<\/code><\/li>\n<li><strong>Tel\u00e9fono:<\/strong>\u00a0<code>04166930550<\/code><\/li>\n<li><strong>Cuenta Corriente:<\/strong>\u00a0<code>01020501850000511845<\/code><\/li>\n<\/ul>\n<\/li>\n<li><strong>\ud83d\udcb8 Airtm:<\/strong>\n<ul class=\"wp-block-list\">\n<li><strong>Correo de cuenta:<\/strong>\u00a0<code>bloncoblondell@gmail.com<\/code><\/li>\n<\/ul>\n<\/li>\n<li><strong>\ud83d\udd36 Binance (USDT \/ Binance Pay):<\/strong>\n<ul class=\"wp-block-list\">\n<li><strong>Binance ID \/ Pay ID:<\/strong>\u00a0<code>285431487<\/code><\/li>\n<li><strong>Correo asociado:<\/strong>\u00a0<code>blancoblondell@gmail.c<\/code><\/li>\n<\/ul>\n<\/li>\n<\/ul>","protected":false},"excerpt":{"rendered":"<p>Dispositivo de bolsillo ergon\u00f3mico que identifica la denominaci\u00f3n de billetes en menos de un segundo. Ofrece una respuesta clara por voz (v\u00eda altavoz o auriculares), vibraci\u00f3n garantizando una gesti\u00f3n del efectivo r\u00e1pida, segura y totalmente aut\u00f3noma en cualquier situaci\u00f3n.<\/p>","protected":false},"featured_media":1674,"comment_status":"closed","ping_status":"closed","template":"","meta":{"_themeisle_gutenberg_block_has_review":false},"product_brand":[],"product_cat":[159,161],"product_tag":[],"class_list":{"0":"post-1673","1":"product","2":"type-product","3":"status-publish","4":"has-post-thumbnail","6":"product_cat-crowdfunding","7":"product_cat-tiflotecnologia","9":"first","10":"instock","11":"virtual","12":"purchasable","13":"product-type-simple"},"aioseo_notices":[],"_links":{"self":[{"href":"https:\/\/alfredolapiz.com\/pt\/wp-json\/wp\/v2\/product\/1673","targetHints":{"allow":["GET"]}}],"collection":[{"href":"https:\/\/alfredolapiz.com\/pt\/wp-json\/wp\/v2\/product"}],"about":[{"href":"https:\/\/alfredolapiz.com\/pt\/wp-json\/wp\/v2\/types\/product"}],"replies":[{"embeddable":true,"href":"https:\/\/alfredolapiz.com\/pt\/wp-json\/wp\/v2\/comments?post=1673"}],"wp:featuredmedia":[{"embeddable":true,"href":"https:\/\/alfredolapiz.com\/pt\/wp-json\/wp\/v2\/media\/1674"}],"wp:attachment":[{"href":"https:\/\/alfredolapiz.com\/pt\/wp-json\/wp\/v2\/media?parent=1673"}],"wp:term":[{"taxonomy":"product_brand","embeddable":true,"href":"https:\/\/alfredolapiz.com\/pt\/wp-json\/wp\/v2\/product_brand?post=1673"},{"taxonomy":"product_cat","embeddable":true,"href":"https:\/\/alfredolapiz.com\/pt\/wp-json\/wp\/v2\/product_cat?post=1673"},{"taxonomy":"product_tag","embeddable":true,"href":"https:\/\/alfredolapiz.com\/pt\/wp-json\/wp\/v2\/product_tag?post=1673"}],"curies":[{"name":"wp","href":"https:\/\/api.w.org\/{rel}","templated":true}]}}