{"id":763,"date":"2025-11-09T09:43:33","date_gmt":"2025-11-09T12:43:33","guid":{"rendered":"https:\/\/alfredolapiz.com\/?post_type=product&#038;p=763"},"modified":"2025-12-21T09:55:46","modified_gmt":"2025-12-21T12:55:46","slug":"la-felicidad-no-esta-en-la-luna","status":"publish","type":"product","link":"https:\/\/alfredolapiz.com\/pt\/catalogo\/la-felicidad-no-esta-en-la-luna\/","title":{"rendered":"La felicidad no est\u00e1 en la luna ES-ES"},"content":{"rendered":"<p><span class=\"a-text-bold\">\u00bfTe has preguntado alguna vez qu\u00e9 es la felicidad y c\u00f3mo alcanzarla?<\/span><\/p>\n<p>En \u00abLa felicidad no est\u00e1 en la Luna\u00bb, acomp\u00e1\u00f1anos en un viaje extraordinario junto a Emilio, un joven universitario que se embarca en una b\u00fasqueda para descubrir el verdadero significado de la felicidad.<\/p>\n<p>A trav\u00e9s de conversaciones profundas con amigos, familiares, profesores y personas inesperadas, Emilio descubre que la felicidad no es un destino lejano, sino un camino que se construye d\u00eda a d\u00eda.<\/p>\n<p><span class=\"a-text-bold\">En este libro, descubrir\u00e1s:<\/span><\/p>\n<ul class=\"a-unordered-list a-vertical\">\n<li><span class=\"a-list-item\"><span class=\"a-text-bold\">Que la felicidad no depende solo del dinero, el amor o el \u00e9xito.<\/span><\/span><\/li>\n<li><span class=\"a-list-item\"><span class=\"a-text-bold\">C\u00f3mo el crecimiento personal y el autoconocimiento son claves para encontrar la felicidad aut\u00e9ntica.<\/span><\/span><\/li>\n<li><span class=\"a-list-item\"><span class=\"a-text-bold\">La importancia de cultivar relaciones significativas y superar la adversidad.<\/span><\/span><\/li>\n<li><span class=\"a-list-item\"><span class=\"a-text-bold\">Que la felicidad se encuentra en las peque\u00f1as cosas y en los momentos presentes.<\/span><\/span><\/li>\n<\/ul>\n<p>\u00abLa felicidad no est\u00e1 en la Luna\u00bb es una historia inspiradora que te motivar\u00e1 a buscar tu propia felicidad y a crear una vida plena y significativa.<\/p>\n<p><span class=\"a-text-bold\">Si est\u00e1s listo para embarcarte en un viaje de autodescubrimiento y transformaci\u00f3n personal, este libro es para ti.<\/span><\/p>","protected":false},"excerpt":{"rendered":"<p><span class=\"a-text-bold\">\u00bfTe has preguntado alguna vez qu\u00e9 es la felicidad y c\u00f3mo alcanzarla?<\/span><\/p>\n<p>En \u00abLa felicidad no est\u00e1 en la Luna\u00bb, acomp\u00e1\u00f1anos en un viaje extraordinario junto a Emilio, un joven universitario que se embarca en una b\u00fasqueda para descubrir el verdadero significado de la felicidad.<\/p>\n<p>A trav\u00e9s de conversaciones profundas con amigos, familiares, profesores y personas inesperadas, Emilio descubre que la felicidad no es un destino lejano, sino un camino que se construye d\u00eda a d\u00eda.<\/p>","protected":false},"featured_media":725,"comment_status":"open","ping_status":"closed","template":"","meta":{"_themeisle_gutenberg_block_has_review":false},"product_brand":[],"product_cat":[142,27],"product_tag":[29,158,28,30,31,157],"class_list":{"0":"post-763","1":"product","2":"type-product","3":"status-publish","4":"has-post-thumbnail","6":"product_cat-espanol","7":"product_cat-libros","8":"product_tag-autoayuda","9":"product_tag-historias-y-vivencias","10":"product_tag-libro","11":"product_tag-motivacion","12":"product_tag-psicologia-positiva","13":"product_tag-velores-y-familia","15":"first","16":"instock","17":"sale","18":"downloadable","19":"shipping-taxable","20":"purchasable","21":"product-type-simple"},"aioseo_notices":[],"_links":{"self":[{"href":"https:\/\/alfredolapiz.com\/pt\/wp-json\/wp\/v2\/product\/763","targetHints":{"allow":["GET"]}}],"collection":[{"href":"https:\/\/alfredolapiz.com\/pt\/wp-json\/wp\/v2\/product"}],"about":[{"href":"https:\/\/alfredolapiz.com\/pt\/wp-json\/wp\/v2\/types\/product"}],"replies":[{"embeddable":true,"href":"https:\/\/alfredolapiz.com\/pt\/wp-json\/wp\/v2\/comments?post=763"}],"wp:featuredmedia":[{"embeddable":true,"href":"https:\/\/alfredolapiz.com\/pt\/wp-json\/wp\/v2\/media\/725"}],"wp:attachment":[{"href":"https:\/\/alfredolapiz.com\/pt\/wp-json\/wp\/v2\/media?parent=763"}],"wp:term":[{"taxonomy":"product_brand","embeddable":true,"href":"https:\/\/alfredolapiz.com\/pt\/wp-json\/wp\/v2\/product_brand?post=763"},{"taxonomy":"product_cat","embeddable":true,"href":"https:\/\/alfredolapiz.com\/pt\/wp-json\/wp\/v2\/product_cat?post=763"},{"taxonomy":"product_tag","embeddable":true,"href":"https:\/\/alfredolapiz.com\/pt\/wp-json\/wp\/v2\/product_tag?post=763"}],"curies":[{"name":"wp","href":"https:\/\/api.w.org\/{rel}","templated":true}]}}