{"id":764,"date":"2025-11-09T10:11:59","date_gmt":"2025-11-09T13:11:59","guid":{"rendered":"https:\/\/alfredolapiz.com\/?post_type=product&#038;p=764"},"modified":"2025-12-24T14:17:46","modified_gmt":"2025-12-24T17:17:46","slug":"camilo","status":"publish","type":"product","link":"https:\/\/alfredolapiz.com\/pt\/catalogo\/camilo\/","title":{"rendered":"Camilo y su mundo de colores ES-ES"},"content":{"rendered":"<p>Camilo tiene diez a\u00f1os y un coraz\u00f3n tan grande como su curiosidad. Vive rodeado de naturaleza, amor familiar<br \/>\ny sue\u00f1os llenos de color.<\/p>\n<p>Lo que no imaginas es que su inocencia lo llevar\u00e1 a vivir experiencias tan reales como m\u00e1gicas: rescatar<br \/>\nvidas, conocer delfines blancos en sus sue\u00f1os y descubrir que los verdaderos h\u00e9roes no siempre llevan capas;<br \/>\na veces llevan una sonrisa y una mirada limpia.<\/p>\n<p>En un universo donde la fantas\u00eda se mezcla con la ternura y las lecciones de la vida, Camilo y su mundo de<br \/>\ncolores nos invita a mirar con ojos de ni\u00f1o y a recordar que el amor, la fe y la imaginaci\u00f3n son los tonos<br \/>\nque pintan la felicidad.<\/p>\n<p>Ideal para ni\u00f1os, j\u00f3venes y adultos que buscan historias que inspiran, educan y tocan el coraz\u00f3n, esta obra<br \/>\nnos deja una huella luminosa: A\u00fan hay esperanza cuando el mundo se ve con los colores del alma.<\/p>","protected":false},"excerpt":{"rendered":"<p>En un universo donde la fantas\u00eda se mezcla con la ternura y las lecciones de la vida, Camilo y su mundo de<br \/>\ncolores nos invita a mirar con ojos de ni\u00f1o y a recordar que el amor, la fe y la imaginaci\u00f3n son los tonos<br \/>\nque pintan la felicidad.<\/p>\n<p>Ideal para ni\u00f1os, j\u00f3venes y adultos que buscan historias que inspiran, educan y tocan el coraz\u00f3n, esta obra<br \/>\nnos deja una huella luminosa: A\u00fan hay esperanza cuando el mundo se ve con los colores del alma.<\/p>","protected":false},"featured_media":742,"comment_status":"open","ping_status":"closed","template":"","meta":{"_themeisle_gutenberg_block_has_review":false},"product_brand":[],"product_cat":[142,27],"product_tag":[33,32,34,28],"class_list":{"0":"post-764","1":"product","2":"type-product","3":"status-publish","4":"has-post-thumbnail","6":"product_cat-espanol","7":"product_cat-libros","8":"product_tag-familias-y-valores","9":"product_tag-fantasia","10":"product_tag-ficcion","11":"product_tag-libro","13":"first","14":"instock","15":"sale","16":"downloadable","17":"shipping-taxable","18":"purchasable","19":"product-type-simple"},"aioseo_notices":[],"_links":{"self":[{"href":"https:\/\/alfredolapiz.com\/pt\/wp-json\/wp\/v2\/product\/764","targetHints":{"allow":["GET"]}}],"collection":[{"href":"https:\/\/alfredolapiz.com\/pt\/wp-json\/wp\/v2\/product"}],"about":[{"href":"https:\/\/alfredolapiz.com\/pt\/wp-json\/wp\/v2\/types\/product"}],"replies":[{"embeddable":true,"href":"https:\/\/alfredolapiz.com\/pt\/wp-json\/wp\/v2\/comments?post=764"}],"wp:featuredmedia":[{"embeddable":true,"href":"https:\/\/alfredolapiz.com\/pt\/wp-json\/wp\/v2\/media\/742"}],"wp:attachment":[{"href":"https:\/\/alfredolapiz.com\/pt\/wp-json\/wp\/v2\/media?parent=764"}],"wp:term":[{"taxonomy":"product_brand","embeddable":true,"href":"https:\/\/alfredolapiz.com\/pt\/wp-json\/wp\/v2\/product_brand?post=764"},{"taxonomy":"product_cat","embeddable":true,"href":"https:\/\/alfredolapiz.com\/pt\/wp-json\/wp\/v2\/product_cat?post=764"},{"taxonomy":"product_tag","embeddable":true,"href":"https:\/\/alfredolapiz.com\/pt\/wp-json\/wp\/v2\/product_tag?post=764"}],"curies":[{"name":"wp","href":"https:\/\/api.w.org\/{rel}","templated":true}]}}