{"id":826,"date":"2025-11-26T01:07:28","date_gmt":"2025-11-26T04:07:28","guid":{"rendered":"https:\/\/alfredolapiz.com\/?post_type=product&#038;p=826"},"modified":"2025-12-24T13:50:26","modified_gmt":"2025-12-24T16:50:26","slug":"pitosonrisa","status":"publish","type":"product","link":"https:\/\/alfredolapiz.com\/pt\/catalogo\/pitosonrisa\/","title":{"rendered":"Pito sonrisa ES-ES"},"content":{"rendered":"<p><span style=\"font-weight: 400;\"><strong>Pito Sonrisa es Ismael,<\/strong> un hombre atormentado por las sombras de su infancia y la violencia que lo habita. Su m\u00e1scara de alegr\u00eda es tan convincente que esconde una verdad oscura: ha perdido lo m\u00e1s valioso de su vida, a Darsy y a su hijo.<\/p>\n<p><\/span><span style=\"font-weight: 400;\">Cuando Ismael toca fondo, se da cuenta de que no puede seguir haciendo malabarismos con su vida. <\/span><span style=\"font-weight: 400;\">El circo de la vida<\/span><span style=\"font-weight: 400;\"> no perdona la debilidad, pero la vida en casa es a\u00fan m\u00e1s peligrosa. El camino de vuelta a Darsy no se gana con trucos de magia, sino con un esfuerzo agotador: desaprender la agresi\u00f3n, reconstruir la confianza ladrillo a ladrillo, y enfrentarse a los traumas que la ira us\u00f3 para atraparlo.<\/span><\/p>\n<p data-path-to-node=\"15\">Esta no es solo la historia de un reencuentro; es un poderoso viaje de <b>sanaci\u00f3n<\/b> y <b>redenci\u00f3n<\/b>. A trav\u00e9s de un a\u00f1o lleno de paciencia, errores y peque\u00f1os triunfos, Ismael deber\u00e1 probarle a su familia (y a s\u00ed mismo) que el cambio es real. \u00bfPodr\u00e1 su nueva versi\u00f3n de s\u00ed mismo\u2014sin maquillaje, sin trucos, solo con <b>amor<\/b>\u2014ser suficiente para borrar las heridas del pasado y darles un <b>comienzo nuevo<\/b>?<\/p>\n<p data-path-to-node=\"16\"><b>Si crees en las segundas oportunidades, el poder del perd\u00f3n y la fuerza inquebrantable del amor familiar, esta novela es para ti.<\/b><\/p>\n<blockquote data-path-to-node=\"17\">\n<p data-path-to-node=\"17,0\"><b>Sum\u00e9rgete en una obra que te demostrar\u00e1 que, a veces, el acto m\u00e1s valioso de la vida es simplemente ser vulnerable, aut\u00e9ntico y dejar atr\u00e1s los d\u00edas oscuros para crear una familia llena de luz.<\/b><\/p>\n<\/blockquote>","protected":false},"excerpt":{"rendered":"<p><span class=\"math-inline\" data-math=\"Pito Sonrisa\">Pito Sonrisa<\/span>\u00a0es la fascinante historia de <b>Ismael<\/b>, un hombre que debe enfrentar su traum\u00e1tico pasado y la ira que lo consume para reconquistar a su familia y aprender que la <b>verdadera magia<\/b> no est\u00e1 en el circo, sino en el amor, la paciencia y el perd\u00f3n. Una novela sobre la transformaci\u00f3n y la esperanza que te recordar\u00e1 que siempre es posible volver a empezar.<\/p>","protected":false},"featured_media":827,"comment_status":"open","ping_status":"closed","template":"","meta":{"_themeisle_gutenberg_block_has_review":false},"product_brand":[],"product_cat":[142,35],"product_tag":[41,38,37,39,36,40],"class_list":{"0":"post-826","1":"product","2":"type-product","3":"status-publish","4":"has-post-thumbnail","6":"product_cat-espanol","7":"product_cat-novela","8":"product_tag-crecimiento-personal","9":"product_tag-drama-familiar","10":"product_tag-redencion","11":"product_tag-romance","12":"product_tag-superacion","13":"product_tag-transformacion","15":"first","16":"instock","17":"sale","18":"downloadable","19":"shipping-taxable","20":"purchasable","21":"product-type-simple"},"aioseo_notices":[],"_links":{"self":[{"href":"https:\/\/alfredolapiz.com\/pt\/wp-json\/wp\/v2\/product\/826","targetHints":{"allow":["GET"]}}],"collection":[{"href":"https:\/\/alfredolapiz.com\/pt\/wp-json\/wp\/v2\/product"}],"about":[{"href":"https:\/\/alfredolapiz.com\/pt\/wp-json\/wp\/v2\/types\/product"}],"replies":[{"embeddable":true,"href":"https:\/\/alfredolapiz.com\/pt\/wp-json\/wp\/v2\/comments?post=826"}],"wp:featuredmedia":[{"embeddable":true,"href":"https:\/\/alfredolapiz.com\/pt\/wp-json\/wp\/v2\/media\/827"}],"wp:attachment":[{"href":"https:\/\/alfredolapiz.com\/pt\/wp-json\/wp\/v2\/media?parent=826"}],"wp:term":[{"taxonomy":"product_brand","embeddable":true,"href":"https:\/\/alfredolapiz.com\/pt\/wp-json\/wp\/v2\/product_brand?post=826"},{"taxonomy":"product_cat","embeddable":true,"href":"https:\/\/alfredolapiz.com\/pt\/wp-json\/wp\/v2\/product_cat?post=826"},{"taxonomy":"product_tag","embeddable":true,"href":"https:\/\/alfredolapiz.com\/pt\/wp-json\/wp\/v2\/product_tag?post=826"}],"curies":[{"name":"wp","href":"https:\/\/api.w.org\/{rel}","templated":true}]}}