{"id":946,"date":"2025-11-30T13:00:32","date_gmt":"2025-11-30T16:00:32","guid":{"rendered":"https:\/\/alfredolapiz.com\/?post_type=product&#038;p=946"},"modified":"2025-11-30T13:19:57","modified_gmt":"2025-11-30T16:19:57","slug":"proyecto-tiflotecnologico-apoyo-y-colaboracion","status":"publish","type":"product","link":"https:\/\/alfredolapiz.com\/pt\/catalogo\/proyecto-tiflotecnologico-apoyo-y-colaboracion\/","title":{"rendered":"Proyecto Tiflotecnol\u00f3gico: Apoyo y Colaboraci\u00f3n"},"content":{"rendered":"<p data-path-to-node=\"5\">Soy Alfredo L\u00e1piz. Por m\u00e1s de <b>20 a\u00f1os<\/b>, he dedicado mi vida a dos pasiones: las palabras que inspiran (como escritor y poeta) y la <b>tecnolog\u00eda que incluye<\/b> (como tiflotecn\u00f3logo).<\/p>\n<p data-path-to-node=\"6\">La ceguera no me detuvo; me ense\u00f1\u00f3 a buscar la luz en la innovaci\u00f3n. Mi trabajo en la creaci\u00f3n y divulgaci\u00f3n de <b>Dispositivos Tiflotecnol\u00f3gicos<\/b> no es un hobby; es una misi\u00f3n de vida. Desde aparecer en medios como Telev\u00e9n [Referencia al video] hasta desarrollar soluciones concretas, he demostrado que los l\u00edmites son mentales.<\/p>\n<p data-path-to-node=\"7\"><b>Pero una misi\u00f3n de esta escala no se puede lograr en solitario. Necesito de tu visi\u00f3n para expandir la m\u00eda.<\/b><\/p>\n<p data-path-to-node=\"10\"><b>\u00bfPara qu\u00e9 necesito tu colaboraci\u00f3n?<\/b><\/p>\n<p data-path-to-node=\"11\">Tu apoyo es el motor que impulsa dos pilares esenciales de mi trabajo:<\/p>\n<ol start=\"1\" data-path-to-node=\"12\">\n<li>\n<p data-path-to-node=\"12,0,0\"><b>Innovaci\u00f3n Tiflotecnol\u00f3gica:<\/b> Financiar el desarrollo continuo de nuevos prototipos, aplicaciones y herramientas accesibles para la comunidad con discapacidad visual. Queremos convertir ideas brillantes en soluciones reales que lleguen a quienes m\u00e1s las necesitan.<\/p>\n<\/li>\n<li>\n<p data-path-to-node=\"12,1,0\"><b>Divulgaci\u00f3n y Formaci\u00f3n:<\/b> Sostener mi trabajo como educador y divulgador, llevando el conocimiento sobre tiflotecnolog\u00eda, superaci\u00f3n personal y el uso de la palabra a trav\u00e9s de charlas, videos y contenido gratuito.<\/p>\n<\/li>\n<\/ol>\n<p data-path-to-node=\"14\">Tu colaboraci\u00f3n tiene un rostro y un prop\u00f3sito claro. Con tu ayuda, logramos:<\/p>\n<ul data-path-to-node=\"15\">\n<li>\n<p data-path-to-node=\"15,0,0\"><b>Paso a Paso:<\/b> Financiar las horas de investigaci\u00f3n y programaci\u00f3n para crear la pr\u00f3xima herramienta inclusiva.<\/p>\n<\/li>\n<li>\n<p data-path-to-node=\"15,1,0\"><b>Manos a la Obra:<\/b> Adquirir los materiales y equipos necesarios para construir y probar prototipos funcionales.<\/p>\n<\/li>\n<li>\n<p data-path-to-node=\"15,2,0\"><b>Visi\u00f3n Global:<\/b> Expandir la difusi\u00f3n de estos proyectos para que m\u00e1s personas en Latinoam\u00e9rica se beneficien de la tecnolog\u00eda.<\/p>\n<\/li>\n<\/ul>\n<p data-path-to-node=\"17\">No te pedimos un precio fijo, sino una inversi\u00f3n en el futuro de la accesibilidad. <b>T\u00fa eliges cu\u00e1nto vale encender una luz en el camino de alguien m\u00e1s.<\/b><\/p>\n<p data-path-to-node=\"18\">Utiliza el campo de abajo para ingresar la cantidad con la que deseas unirte a nuestra misi\u00f3n. Cada euro, d\u00f3lar o peso cuenta y se transforma en un paso gigante hacia un mundo m\u00e1s justo e inclusivo.<\/p>\n<p data-path-to-node=\"19\"><b>Tu aporte es la prueba de que la verdadera visi\u00f3n reside en la colaboraci\u00f3n.<\/b><\/p>\n<h3><\/h3>\n","protected":false},"excerpt":{"rendered":"<p>Soy Alfredo L\u00e1piz. Por m\u00e1s de 20 a\u00f1os, he dedicado mi vida a dos pasiones: las palabras que inspiran (como escritor y poeta) y la tecnolog\u00eda que incluye (como tiflotecn\u00f3logo). La ceguera no me detuvo; me ense\u00f1\u00f3 a buscar la luz en la innovaci\u00f3n. Mi trabajo en la creaci\u00f3n y divulgaci\u00f3n de Dispositivos Tiflotecnol\u00f3gicos no [&hellip;]<\/p>\n","protected":false},"featured_media":943,"comment_status":"open","ping_status":"closed","template":"","meta":{"_themeisle_gutenberg_block_has_review":false},"product_brand":[],"product_cat":[48],"product_tag":[],"class_list":{"0":"post-946","1":"product","2":"type-product","3":"status-publish","4":"has-post-thumbnail","6":"product_cat-donacion","8":"first","9":"instock","10":"virtual","11":"purchasable","12":"product-type-simple"},"aioseo_notices":[],"_links":{"self":[{"href":"https:\/\/alfredolapiz.com\/pt\/wp-json\/wp\/v2\/product\/946","targetHints":{"allow":["GET"]}}],"collection":[{"href":"https:\/\/alfredolapiz.com\/pt\/wp-json\/wp\/v2\/product"}],"about":[{"href":"https:\/\/alfredolapiz.com\/pt\/wp-json\/wp\/v2\/types\/product"}],"replies":[{"embeddable":true,"href":"https:\/\/alfredolapiz.com\/pt\/wp-json\/wp\/v2\/comments?post=946"}],"wp:featuredmedia":[{"embeddable":true,"href":"https:\/\/alfredolapiz.com\/pt\/wp-json\/wp\/v2\/media\/943"}],"wp:attachment":[{"href":"https:\/\/alfredolapiz.com\/pt\/wp-json\/wp\/v2\/media?parent=946"}],"wp:term":[{"taxonomy":"product_brand","embeddable":true,"href":"https:\/\/alfredolapiz.com\/pt\/wp-json\/wp\/v2\/product_brand?post=946"},{"taxonomy":"product_cat","embeddable":true,"href":"https:\/\/alfredolapiz.com\/pt\/wp-json\/wp\/v2\/product_cat?post=946"},{"taxonomy":"product_tag","embeddable":true,"href":"https:\/\/alfredolapiz.com\/pt\/wp-json\/wp\/v2\/product_tag?post=946"}],"curies":[{"name":"wp","href":"https:\/\/api.w.org\/{rel}","templated":true}]}}